{"id":1407,"date":"2021-03-21T17:46:43","date_gmt":"2021-03-21T16:46:43","guid":{"rendered":"http:\/\/leretif.com\/elisabeth\/?page_id=1407"},"modified":"2022-05-29T10:33:14","modified_gmt":"2022-05-29T08:33:14","slug":"antigone","status":"publish","type":"page","link":"http:\/\/leretif.com\/elisabeth\/index.php\/page-2\/antigone\/","title":{"rendered":"Antigone"},"content":{"rendered":"\t\t<div data-elementor-type=\"wp-page\" data-elementor-id=\"1407\" class=\"elementor elementor-1407\">\n\t\t\t\t\t\t\t\t\t<section class=\"elementor-section elementor-top-section elementor-element elementor-element-69779aa5 elementor-section-boxed elementor-section-height-default elementor-section-height-default\" data-id=\"69779aa5\" data-element_type=\"section\">\n\t\t\t\t\t\t<div class=\"elementor-container elementor-column-gap-default\">\n\t\t\t\t\t<div class=\"elementor-column elementor-col-100 elementor-top-column elementor-element elementor-element-24674a5a\" data-id=\"24674a5a\" data-element_type=\"column\">\n\t\t\t<div class=\"elementor-widget-wrap elementor-element-populated\">\n\t\t\t\t\t\t\t\t<div class=\"elementor-element elementor-element-af7c038 elementor-widget elementor-widget-heading\" data-id=\"af7c038\" data-element_type=\"widget\" data-widget_type=\"heading.default\">\n\t\t\t\t<div class=\"elementor-widget-container\">\n\t\t\t<h2 class=\"elementor-heading-title elementor-size-default\">Antigone aux temps du Covid <\/h2>\t\t<\/div>\n\t\t\t\t<\/div>\n\t\t\t\t\t<\/div>\n\t\t<\/div>\n\t\t\t\t\t\t\t<\/div>\n\t\t<\/section>\n\t\t\t\t<section class=\"elementor-section elementor-top-section elementor-element elementor-element-d62e935 elementor-section-boxed elementor-section-height-default elementor-section-height-default\" data-id=\"d62e935\" data-element_type=\"section\">\n\t\t\t\t\t\t<div class=\"elementor-container elementor-column-gap-default\">\n\t\t\t\t\t<div class=\"elementor-column elementor-col-25 elementor-top-column elementor-element elementor-element-703fc8f\" data-id=\"703fc8f\" data-element_type=\"column\">\n\t\t\t<div class=\"elementor-widget-wrap elementor-element-populated\">\n\t\t\t\t\t\t\t\t<div class=\"elementor-element elementor-element-6bbfb3c elementor-widget elementor-widget-image\" data-id=\"6bbfb3c\" data-element_type=\"widget\" data-widget_type=\"image.default\">\n\t\t\t\t<div class=\"elementor-widget-container\">\n\t\t\t\t\t\t\t\t\t\t\t\t\t\t\t<img fetchpriority=\"high\" decoding=\"async\" width=\"1024\" height=\"940\" src=\"http:\/\/leretif.com\/elisabeth\/wp-content\/uploads\/2021\/05\/dsc_4167-2-1024x940.jpg\" class=\"attachment-large size-large wp-image-1482\" alt=\"\" srcset=\"http:\/\/leretif.com\/elisabeth\/wp-content\/uploads\/2021\/05\/dsc_4167-2-1024x940.jpg 1024w, http:\/\/leretif.com\/elisabeth\/wp-content\/uploads\/2021\/05\/dsc_4167-2-300x275.jpg 300w, http:\/\/leretif.com\/elisabeth\/wp-content\/uploads\/2021\/05\/dsc_4167-2-768x705.jpg 768w, http:\/\/leretif.com\/elisabeth\/wp-content\/uploads\/2021\/05\/dsc_4167-2-1536x1410.jpg 1536w, http:\/\/leretif.com\/elisabeth\/wp-content\/uploads\/2021\/05\/dsc_4167-2-2048x1880.jpg 2048w\" sizes=\"(max-width: 1024px) 100vw, 1024px\" \/>\t\t\t\t\t\t\t\t\t\t\t\t\t\t\t<\/div>\n\t\t\t\t<\/div>\n\t\t\t\t\t<\/div>\n\t\t<\/div>\n\t\t\t\t<div class=\"elementor-column elementor-col-25 elementor-top-column elementor-element elementor-element-cebb6b1\" data-id=\"cebb6b1\" data-element_type=\"column\">\n\t\t\t<div class=\"elementor-widget-wrap elementor-element-populated\">\n\t\t\t\t\t\t\t\t<div class=\"elementor-element elementor-element-a17eee0 elementor-widget elementor-widget-image\" data-id=\"a17eee0\" data-element_type=\"widget\" data-widget_type=\"image.default\">\n\t\t\t\t<div class=\"elementor-widget-container\">\n\t\t\t\t\t\t\t\t\t\t\t\t\t\t\t<img decoding=\"async\" width=\"1024\" height=\"940\" src=\"http:\/\/leretif.com\/elisabeth\/wp-content\/uploads\/2021\/05\/unnamed1-Antigone-2-1024x940.jpg\" class=\"attachment-large size-large wp-image-1481\" alt=\"\" srcset=\"http:\/\/leretif.com\/elisabeth\/wp-content\/uploads\/2021\/05\/unnamed1-Antigone-2-1024x940.jpg 1024w, http:\/\/leretif.com\/elisabeth\/wp-content\/uploads\/2021\/05\/unnamed1-Antigone-2-300x275.jpg 300w, http:\/\/leretif.com\/elisabeth\/wp-content\/uploads\/2021\/05\/unnamed1-Antigone-2-768x705.jpg 768w, http:\/\/leretif.com\/elisabeth\/wp-content\/uploads\/2021\/05\/unnamed1-Antigone-2-1536x1410.jpg 1536w, http:\/\/leretif.com\/elisabeth\/wp-content\/uploads\/2021\/05\/unnamed1-Antigone-2-2048x1880.jpg 2048w\" sizes=\"(max-width: 1024px) 100vw, 1024px\" \/>\t\t\t\t\t\t\t\t\t\t\t\t\t\t\t<\/div>\n\t\t\t\t<\/div>\n\t\t\t\t\t<\/div>\n\t\t<\/div>\n\t\t\t\t<div class=\"elementor-column elementor-col-25 elementor-top-column elementor-element elementor-element-db53b4e\" data-id=\"db53b4e\" data-element_type=\"column\">\n\t\t\t<div class=\"elementor-widget-wrap elementor-element-populated\">\n\t\t\t\t\t\t\t\t<div class=\"elementor-element elementor-element-d0b18eb elementor-widget elementor-widget-image\" data-id=\"d0b18eb\" data-element_type=\"widget\" data-widget_type=\"image.default\">\n\t\t\t\t<div class=\"elementor-widget-container\">\n\t\t\t\t\t\t\t\t\t\t\t\t\t\t\t<img decoding=\"async\" width=\"1024\" height=\"940\" src=\"http:\/\/leretif.com\/elisabeth\/wp-content\/uploads\/2021\/05\/unnamed2-Antigone-1536x1028-2-1024x940.jpg\" class=\"attachment-large size-large wp-image-1480\" alt=\"\" srcset=\"http:\/\/leretif.com\/elisabeth\/wp-content\/uploads\/2021\/05\/unnamed2-Antigone-1536x1028-2-1024x940.jpg 1024w, http:\/\/leretif.com\/elisabeth\/wp-content\/uploads\/2021\/05\/unnamed2-Antigone-1536x1028-2-300x275.jpg 300w, http:\/\/leretif.com\/elisabeth\/wp-content\/uploads\/2021\/05\/unnamed2-Antigone-1536x1028-2-768x705.jpg 768w, http:\/\/leretif.com\/elisabeth\/wp-content\/uploads\/2021\/05\/unnamed2-Antigone-1536x1028-2-1536x1410.jpg 1536w, http:\/\/leretif.com\/elisabeth\/wp-content\/uploads\/2021\/05\/unnamed2-Antigone-1536x1028-2-2048x1880.jpg 2048w\" sizes=\"(max-width: 1024px) 100vw, 1024px\" \/>\t\t\t\t\t\t\t\t\t\t\t\t\t\t\t<\/div>\n\t\t\t\t<\/div>\n\t\t\t\t\t<\/div>\n\t\t<\/div>\n\t\t\t\t<div class=\"elementor-column elementor-col-25 elementor-top-column elementor-element elementor-element-a1cf414\" data-id=\"a1cf414\" data-element_type=\"column\">\n\t\t\t<div class=\"elementor-widget-wrap\">\n\t\t\t\t\t\t\t\t\t<\/div>\n\t\t<\/div>\n\t\t\t\t\t\t\t<\/div>\n\t\t<\/section>\n\t\t\t\t<section class=\"elementor-section elementor-top-section elementor-element elementor-element-80e7846 elementor-section-boxed elementor-section-height-default elementor-section-height-default\" data-id=\"80e7846\" data-element_type=\"section\">\n\t\t\t\t\t\t<div class=\"elementor-container elementor-column-gap-default\">\n\t\t\t\t\t<div class=\"elementor-column elementor-col-25 elementor-top-column elementor-element elementor-element-0ccfeab\" data-id=\"0ccfeab\" data-element_type=\"column\">\n\t\t\t<div class=\"elementor-widget-wrap elementor-element-populated\">\n\t\t\t\t\t\t\t\t<div class=\"elementor-element elementor-element-c2c762d elementor-widget elementor-widget-text-editor\" data-id=\"c2c762d\" data-element_type=\"widget\" data-widget_type=\"text-editor.default\">\n\t\t\t\t<div class=\"elementor-widget-container\">\n\t\t\t\t\t\t\t<p>Cr\u00e9on, mon p\u00e8re, la ville ne t\u2019appartient pas, tu n\u2019as pas le droit de d\u00e9cider d\u2019abroger les lois, tu ne peux pas instaurer la peur pour installer un r\u00e9gime encore plus lib\u00e9ral, la d\u00e9mocratie existe encore!<\/p>\t\t\t\t\t\t<\/div>\n\t\t\t\t<\/div>\n\t\t\t\t\t<\/div>\n\t\t<\/div>\n\t\t\t\t<div class=\"elementor-column elementor-col-25 elementor-top-column elementor-element elementor-element-3c18d71\" data-id=\"3c18d71\" data-element_type=\"column\">\n\t\t\t<div class=\"elementor-widget-wrap elementor-element-populated\">\n\t\t\t\t\t\t\t\t<div class=\"elementor-element elementor-element-fb8be5b elementor-widget elementor-widget-text-editor\" data-id=\"fb8be5b\" data-element_type=\"widget\" data-widget_type=\"text-editor.default\">\n\t\t\t\t<div class=\"elementor-widget-container\">\n\t\t\t\t\t\t\t<p>Oh que n\u2019ai-je entendu les proph\u00e9ties! La ville est morte, les miens sont morts! Gouverner peut \u00eatre cruel!<\/p>\t\t\t\t\t\t<\/div>\n\t\t\t\t<\/div>\n\t\t\t\t\t<\/div>\n\t\t<\/div>\n\t\t\t\t<div class=\"elementor-column elementor-col-25 elementor-top-column elementor-element elementor-element-cc97ffc\" data-id=\"cc97ffc\" data-element_type=\"column\">\n\t\t\t<div class=\"elementor-widget-wrap elementor-element-populated\">\n\t\t\t\t\t\t\t\t<div class=\"elementor-element elementor-element-3335509 elementor-widget elementor-widget-text-editor\" data-id=\"3335509\" data-element_type=\"widget\" data-widget_type=\"text-editor.default\">\n\t\t\t\t<div class=\"elementor-widget-container\">\n\t\t\t\t\t\t\t<p>Nous, le ch\u0153ur, la conscience d\u2019un pays, constatons la destruction du pays! Les beaux immeubles sont \u00e0 terre, seuls les lapins semblent encore imaginer une vie!!!<\/p>\t\t\t\t\t\t<\/div>\n\t\t\t\t<\/div>\n\t\t\t\t\t<\/div>\n\t\t<\/div>\n\t\t\t\t<div class=\"elementor-column elementor-col-25 elementor-top-column elementor-element elementor-element-5e4cf2e\" data-id=\"5e4cf2e\" data-element_type=\"column\">\n\t\t\t<div class=\"elementor-widget-wrap\">\n\t\t\t\t\t\t\t\t\t<\/div>\n\t\t<\/div>\n\t\t\t\t\t\t\t<\/div>\n\t\t<\/section>\n\t\t\t\t<section class=\"elementor-section elementor-top-section elementor-element elementor-element-a4e1d3c elementor-section-boxed elementor-section-height-default elementor-section-height-default\" data-id=\"a4e1d3c\" data-element_type=\"section\">\n\t\t\t\t\t\t<div class=\"elementor-container elementor-column-gap-default\">\n\t\t\t\t\t<div class=\"elementor-column elementor-col-100 elementor-top-column elementor-element elementor-element-5158f5a\" data-id=\"5158f5a\" data-element_type=\"column\">\n\t\t\t<div class=\"elementor-widget-wrap elementor-element-populated\">\n\t\t\t\t\t\t\t\t<div class=\"elementor-element elementor-element-4f60c27 elementor-widget elementor-widget-heading\" data-id=\"4f60c27\" data-element_type=\"widget\" data-widget_type=\"heading.default\">\n\t\t\t\t<div class=\"elementor-widget-container\">\n\t\t\t<h2 class=\"elementor-heading-title elementor-size-default\">Antigone au temps du confinement<\/h2>\t\t<\/div>\n\t\t\t\t<\/div>\n\t\t\t\t\t<\/div>\n\t\t<\/div>\n\t\t\t\t\t\t\t<\/div>\n\t\t<\/section>\n\t\t\t\t<section class=\"elementor-section elementor-top-section elementor-element elementor-element-a6d7ea4 elementor-section-boxed elementor-section-height-default elementor-section-height-default\" data-id=\"a6d7ea4\" data-element_type=\"section\">\n\t\t\t\t\t\t<div class=\"elementor-container elementor-column-gap-default\">\n\t\t\t\t\t<div class=\"elementor-column elementor-col-25 elementor-top-column elementor-element elementor-element-633dc5d\" data-id=\"633dc5d\" data-element_type=\"column\">\n\t\t\t<div class=\"elementor-widget-wrap elementor-element-populated\">\n\t\t\t\t\t\t\t\t<div class=\"elementor-element elementor-element-85232fc elementor-widget elementor-widget-image\" data-id=\"85232fc\" data-element_type=\"widget\" data-widget_type=\"image.default\">\n\t\t\t\t<div class=\"elementor-widget-container\">\n\t\t\t\t\t\t\t\t\t\t\t\t\t\t\t<img loading=\"lazy\" decoding=\"async\" width=\"1024\" height=\"940\" src=\"http:\/\/leretif.com\/elisabeth\/wp-content\/uploads\/2021\/05\/dsc_4159-1-1024x940.jpg\" class=\"attachment-large size-large wp-image-1455\" alt=\"\" srcset=\"http:\/\/leretif.com\/elisabeth\/wp-content\/uploads\/2021\/05\/dsc_4159-1-1024x940.jpg 1024w, http:\/\/leretif.com\/elisabeth\/wp-content\/uploads\/2021\/05\/dsc_4159-1-300x275.jpg 300w, http:\/\/leretif.com\/elisabeth\/wp-content\/uploads\/2021\/05\/dsc_4159-1-768x705.jpg 768w, http:\/\/leretif.com\/elisabeth\/wp-content\/uploads\/2021\/05\/dsc_4159-1-1536x1410.jpg 1536w, http:\/\/leretif.com\/elisabeth\/wp-content\/uploads\/2021\/05\/dsc_4159-1-2048x1880.jpg 2048w\" sizes=\"(max-width: 1024px) 100vw, 1024px\" \/>\t\t\t\t\t\t\t\t\t\t\t\t\t\t\t<\/div>\n\t\t\t\t<\/div>\n\t\t\t\t\t<\/div>\n\t\t<\/div>\n\t\t\t\t<div class=\"elementor-column elementor-col-25 elementor-top-column elementor-element elementor-element-dc726cf\" data-id=\"dc726cf\" data-element_type=\"column\">\n\t\t\t<div class=\"elementor-widget-wrap elementor-element-populated\">\n\t\t\t\t\t\t\t\t<div class=\"elementor-element elementor-element-90a8a48 elementor-widget elementor-widget-image\" data-id=\"90a8a48\" data-element_type=\"widget\" data-widget_type=\"image.default\">\n\t\t\t\t<div class=\"elementor-widget-container\">\n\t\t\t\t\t\t\t\t\t\t\t\t\t\t\t<img loading=\"lazy\" decoding=\"async\" width=\"1024\" height=\"940\" src=\"http:\/\/leretif.com\/elisabeth\/wp-content\/uploads\/2021\/05\/dsc_4161-1024x940.jpg\" class=\"attachment-large size-large wp-image-1441\" alt=\"\" srcset=\"http:\/\/leretif.com\/elisabeth\/wp-content\/uploads\/2021\/05\/dsc_4161-1024x940.jpg 1024w, http:\/\/leretif.com\/elisabeth\/wp-content\/uploads\/2021\/05\/dsc_4161-300x275.jpg 300w, http:\/\/leretif.com\/elisabeth\/wp-content\/uploads\/2021\/05\/dsc_4161-768x705.jpg 768w, http:\/\/leretif.com\/elisabeth\/wp-content\/uploads\/2021\/05\/dsc_4161-1536x1410.jpg 1536w, http:\/\/leretif.com\/elisabeth\/wp-content\/uploads\/2021\/05\/dsc_4161-2048x1880.jpg 2048w\" sizes=\"(max-width: 1024px) 100vw, 1024px\" \/>\t\t\t\t\t\t\t\t\t\t\t\t\t\t\t<\/div>\n\t\t\t\t<\/div>\n\t\t\t\t\t<\/div>\n\t\t<\/div>\n\t\t\t\t<div class=\"elementor-column elementor-col-25 elementor-top-column elementor-element elementor-element-894ed13\" data-id=\"894ed13\" data-element_type=\"column\">\n\t\t\t<div class=\"elementor-widget-wrap elementor-element-populated\">\n\t\t\t\t\t\t\t\t<div class=\"elementor-element elementor-element-23bcd9a elementor-widget elementor-widget-image\" data-id=\"23bcd9a\" data-element_type=\"widget\" data-widget_type=\"image.default\">\n\t\t\t\t<div class=\"elementor-widget-container\">\n\t\t\t\t\t\t\t\t\t\t\t\t\t\t\t<img loading=\"lazy\" decoding=\"async\" width=\"1024\" height=\"940\" src=\"http:\/\/leretif.com\/elisabeth\/wp-content\/uploads\/2021\/05\/dsc_4166-1-1024x940.jpg\" class=\"attachment-large size-large wp-image-1458\" alt=\"\" srcset=\"http:\/\/leretif.com\/elisabeth\/wp-content\/uploads\/2021\/05\/dsc_4166-1-1024x940.jpg 1024w, http:\/\/leretif.com\/elisabeth\/wp-content\/uploads\/2021\/05\/dsc_4166-1-300x275.jpg 300w, http:\/\/leretif.com\/elisabeth\/wp-content\/uploads\/2021\/05\/dsc_4166-1-768x705.jpg 768w, http:\/\/leretif.com\/elisabeth\/wp-content\/uploads\/2021\/05\/dsc_4166-1-1536x1410.jpg 1536w, http:\/\/leretif.com\/elisabeth\/wp-content\/uploads\/2021\/05\/dsc_4166-1-2048x1880.jpg 2048w\" sizes=\"(max-width: 1024px) 100vw, 1024px\" \/>\t\t\t\t\t\t\t\t\t\t\t\t\t\t\t<\/div>\n\t\t\t\t<\/div>\n\t\t\t\t\t<\/div>\n\t\t<\/div>\n\t\t\t\t<div class=\"elementor-column elementor-col-25 elementor-top-column elementor-element elementor-element-2aaf981\" data-id=\"2aaf981\" data-element_type=\"column\">\n\t\t\t<div class=\"elementor-widget-wrap elementor-element-populated\">\n\t\t\t\t\t\t\t\t<div class=\"elementor-element elementor-element-5742d99 elementor-widget elementor-widget-image\" data-id=\"5742d99\" data-element_type=\"widget\" data-widget_type=\"image.default\">\n\t\t\t\t<div class=\"elementor-widget-container\">\n\t\t\t\t\t\t\t\t\t\t\t\t\t\t\t<img loading=\"lazy\" decoding=\"async\" width=\"1024\" height=\"940\" src=\"http:\/\/leretif.com\/elisabeth\/wp-content\/uploads\/2021\/05\/dsc_4167-1-1024x940.jpg\" class=\"attachment-large size-large wp-image-1456\" alt=\"\" srcset=\"http:\/\/leretif.com\/elisabeth\/wp-content\/uploads\/2021\/05\/dsc_4167-1-1024x940.jpg 1024w, http:\/\/leretif.com\/elisabeth\/wp-content\/uploads\/2021\/05\/dsc_4167-1-300x275.jpg 300w, http:\/\/leretif.com\/elisabeth\/wp-content\/uploads\/2021\/05\/dsc_4167-1-768x705.jpg 768w, http:\/\/leretif.com\/elisabeth\/wp-content\/uploads\/2021\/05\/dsc_4167-1-1536x1410.jpg 1536w, http:\/\/leretif.com\/elisabeth\/wp-content\/uploads\/2021\/05\/dsc_4167-1-2048x1880.jpg 2048w\" sizes=\"(max-width: 1024px) 100vw, 1024px\" \/>\t\t\t\t\t\t\t\t\t\t\t\t\t\t\t<\/div>\n\t\t\t\t<\/div>\n\t\t\t\t\t<\/div>\n\t\t<\/div>\n\t\t\t\t\t\t\t<\/div>\n\t\t<\/section>\n\t\t\t\t<section class=\"elementor-section elementor-top-section elementor-element elementor-element-3c88061 elementor-section-boxed elementor-section-height-default elementor-section-height-default\" data-id=\"3c88061\" data-element_type=\"section\">\n\t\t\t\t\t\t<div class=\"elementor-container elementor-column-gap-default\">\n\t\t\t\t\t<div class=\"elementor-column elementor-col-25 elementor-top-column elementor-element elementor-element-01b3721\" data-id=\"01b3721\" data-element_type=\"column\">\n\t\t\t<div class=\"elementor-widget-wrap elementor-element-populated\">\n\t\t\t\t\t\t\t\t<div class=\"elementor-element elementor-element-1d4e287 elementor-widget elementor-widget-text-editor\" data-id=\"1d4e287\" data-element_type=\"widget\" data-widget_type=\"text-editor.default\">\n\t\t\t\t<div class=\"elementor-widget-container\">\n\t\t\t\t\t\t\t<p>Nous ne pouvons pas enterrer nos morts, notre univers bascule; seule la nature semble indestructible et pourtant&#8230;<\/p>\t\t\t\t\t\t<\/div>\n\t\t\t\t<\/div>\n\t\t\t\t\t<\/div>\n\t\t<\/div>\n\t\t\t\t<div class=\"elementor-column elementor-col-25 elementor-top-column elementor-element elementor-element-be46cf0\" data-id=\"be46cf0\" data-element_type=\"column\">\n\t\t\t<div class=\"elementor-widget-wrap elementor-element-populated\">\n\t\t\t\t\t\t\t\t<div class=\"elementor-element elementor-element-f9be594 elementor-widget elementor-widget-text-editor\" data-id=\"f9be594\" data-element_type=\"widget\" data-widget_type=\"text-editor.default\">\n\t\t\t\t<div class=\"elementor-widget-container\">\n\t\t\t\t\t\t\t<p>Qu&rsquo;allons-nous devenir? Les devins nous crachent des courbes, des interdictions et des pr\u00e9dictions comme ici Tir\u00e9sias devant Cr\u00e9ons et le Ch\u0153ur<\/p>\t\t\t\t\t\t<\/div>\n\t\t\t\t<\/div>\n\t\t\t\t\t<\/div>\n\t\t<\/div>\n\t\t\t\t<div class=\"elementor-column elementor-col-25 elementor-top-column elementor-element elementor-element-c42c127\" data-id=\"c42c127\" data-element_type=\"column\">\n\t\t\t<div class=\"elementor-widget-wrap elementor-element-populated\">\n\t\t\t\t\t\t\t\t<div class=\"elementor-element elementor-element-a34cfbc elementor-widget elementor-widget-text-editor\" data-id=\"a34cfbc\" data-element_type=\"widget\" data-widget_type=\"text-editor.default\">\n\t\t\t\t<div class=\"elementor-widget-container\">\n\t\t\t\t\t\t\t<p>J\u2019accuse! Le ch\u0153ur est stup\u00e9fait! Le palais est d\u00e9vast\u00e9, pas facile de d\u00e9cider si l\u2019on doit ob\u00e9ir aux lois ancestrales ou si la Gouvernance doit tout balayer! Cr\u00e9ons en tombe \u00e0 la renverse!<\/p>\t\t\t\t\t\t<\/div>\n\t\t\t\t<\/div>\n\t\t\t\t\t<\/div>\n\t\t<\/div>\n\t\t\t\t<div class=\"elementor-column elementor-col-25 elementor-top-column elementor-element elementor-element-8a6d38c\" data-id=\"8a6d38c\" data-element_type=\"column\">\n\t\t\t<div class=\"elementor-widget-wrap\">\n\t\t\t\t\t\t\t\t\t<\/div>\n\t\t<\/div>\n\t\t\t\t\t\t\t<\/div>\n\t\t<\/section>\n\t\t\t\t\t\t\t<\/div>\n\t\t","protected":false},"excerpt":{"rendered":"<p>Antigone aux temps du Covid Cr\u00e9on, mon p\u00e8re, la ville ne t\u2019appartient pas, tu n\u2019as pas le droit de d\u00e9cider d\u2019abroger les lois, tu ne peux pas instaurer la peur pour installer un r\u00e9gime encore plus lib\u00e9ral, la d\u00e9mocratie existe encore! Oh que n\u2019ai-je entendu les proph\u00e9ties! La ville est morte, les miens sont morts! [&hellip;]<\/p>\n","protected":false},"author":2,"featured_media":1590,"parent":17,"menu_order":1,"comment_status":"closed","ping_status":"closed","template":"","meta":{"ocean_post_layout":"","ocean_both_sidebars_style":"","ocean_both_sidebars_content_width":0,"ocean_both_sidebars_sidebars_width":0,"ocean_sidebar":"0","ocean_second_sidebar":"0","ocean_disable_margins":"enable","ocean_add_body_class":"","ocean_shortcode_before_top_bar":"","ocean_shortcode_after_top_bar":"","ocean_shortcode_before_header":"","ocean_shortcode_after_header":"","ocean_has_shortcode":"","ocean_shortcode_after_title":"","ocean_shortcode_before_footer_widgets":"","ocean_shortcode_after_footer_widgets":"","ocean_shortcode_before_footer_bottom":"","ocean_shortcode_after_footer_bottom":"","ocean_display_top_bar":"default","ocean_display_header":"default","ocean_header_style":"","ocean_center_header_left_menu":"0","ocean_custom_header_template":"0","ocean_custom_logo":0,"ocean_custom_retina_logo":0,"ocean_custom_logo_max_width":0,"ocean_custom_logo_tablet_max_width":0,"ocean_custom_logo_mobile_max_width":0,"ocean_custom_logo_max_height":0,"ocean_custom_logo_tablet_max_height":0,"ocean_custom_logo_mobile_max_height":0,"ocean_header_custom_menu":"0","ocean_menu_typo_font_family":"0","ocean_menu_typo_font_subset":"","ocean_menu_typo_font_size":0,"ocean_menu_typo_font_size_tablet":0,"ocean_menu_typo_font_size_mobile":0,"ocean_menu_typo_font_size_unit":"px","ocean_menu_typo_font_weight":"","ocean_menu_typo_font_weight_tablet":"","ocean_menu_typo_font_weight_mobile":"","ocean_menu_typo_transform":"","ocean_menu_typo_transform_tablet":"","ocean_menu_typo_transform_mobile":"","ocean_menu_typo_line_height":0,"ocean_menu_typo_line_height_tablet":0,"ocean_menu_typo_line_height_mobile":0,"ocean_menu_typo_line_height_unit":"","ocean_menu_typo_spacing":0,"ocean_menu_typo_spacing_tablet":0,"ocean_menu_typo_spacing_mobile":0,"ocean_menu_typo_spacing_unit":"","ocean_menu_link_color":"","ocean_menu_link_color_hover":"","ocean_menu_link_color_active":"","ocean_menu_link_background":"","ocean_menu_link_hover_background":"","ocean_menu_link_active_background":"","ocean_menu_social_links_bg":"","ocean_menu_social_hover_links_bg":"","ocean_menu_social_links_color":"","ocean_menu_social_hover_links_color":"","ocean_disable_title":"default","ocean_disable_heading":"default","ocean_post_title":"","ocean_post_subheading":"","ocean_post_title_style":"","ocean_post_title_background_color":"","ocean_post_title_background":0,"ocean_post_title_bg_image_position":"","ocean_post_title_bg_image_attachment":"","ocean_post_title_bg_image_repeat":"","ocean_post_title_bg_image_size":"","ocean_post_title_height":0,"ocean_post_title_bg_overlay":0.5,"ocean_post_title_bg_overlay_color":"","ocean_disable_breadcrumbs":"default","ocean_breadcrumbs_color":"","ocean_breadcrumbs_separator_color":"","ocean_breadcrumbs_links_color":"","ocean_breadcrumbs_links_hover_color":"","ocean_display_footer_widgets":"default","ocean_display_footer_bottom":"default","ocean_custom_footer_template":"0","footnotes":""},"class_list":["post-1407","page","type-page","status-publish","has-post-thumbnail","hentry","entry","has-media"],"_links":{"self":[{"href":"http:\/\/leretif.com\/elisabeth\/index.php\/wp-json\/wp\/v2\/pages\/1407","targetHints":{"allow":["GET"]}}],"collection":[{"href":"http:\/\/leretif.com\/elisabeth\/index.php\/wp-json\/wp\/v2\/pages"}],"about":[{"href":"http:\/\/leretif.com\/elisabeth\/index.php\/wp-json\/wp\/v2\/types\/page"}],"author":[{"embeddable":true,"href":"http:\/\/leretif.com\/elisabeth\/index.php\/wp-json\/wp\/v2\/users\/2"}],"replies":[{"embeddable":true,"href":"http:\/\/leretif.com\/elisabeth\/index.php\/wp-json\/wp\/v2\/comments?post=1407"}],"version-history":[{"count":78,"href":"http:\/\/leretif.com\/elisabeth\/index.php\/wp-json\/wp\/v2\/pages\/1407\/revisions"}],"predecessor-version":[{"id":1589,"href":"http:\/\/leretif.com\/elisabeth\/index.php\/wp-json\/wp\/v2\/pages\/1407\/revisions\/1589"}],"up":[{"embeddable":true,"href":"http:\/\/leretif.com\/elisabeth\/index.php\/wp-json\/wp\/v2\/pages\/17"}],"wp:featuredmedia":[{"embeddable":true,"href":"http:\/\/leretif.com\/elisabeth\/index.php\/wp-json\/wp\/v2\/media\/1590"}],"wp:attachment":[{"href":"http:\/\/leretif.com\/elisabeth\/index.php\/wp-json\/wp\/v2\/media?parent=1407"}],"curies":[{"name":"wp","href":"https:\/\/api.w.org\/{rel}","templated":true}]}}