{"id":634,"date":"2021-03-04T21:04:41","date_gmt":"2021-03-04T20:04:41","guid":{"rendered":"http:\/\/leretif.com\/elisabeth\/?page_id=634"},"modified":"2021-03-05T14:27:54","modified_gmt":"2021-03-05T13:27:54","slug":"cuissons","status":"publish","type":"page","link":"http:\/\/leretif.com\/elisabeth\/index.php\/les-grandes-tailles\/cuissons\/","title":{"rendered":"Cuissons"},"content":{"rendered":"\t\t<div data-elementor-type=\"wp-page\" data-elementor-id=\"634\" class=\"elementor elementor-634\">\n\t\t\t\t\t\t\t\t\t<section class=\"elementor-section elementor-top-section elementor-element elementor-element-31a74dc3 elementor-section-boxed elementor-section-height-default elementor-section-height-default\" data-id=\"31a74dc3\" data-element_type=\"section\">\n\t\t\t\t\t\t<div class=\"elementor-container elementor-column-gap-default\">\n\t\t\t\t\t<div class=\"elementor-column elementor-col-100 elementor-top-column elementor-element elementor-element-57df4b47\" data-id=\"57df4b47\" data-element_type=\"column\">\n\t\t\t<div class=\"elementor-widget-wrap elementor-element-populated\">\n\t\t\t\t\t\t\t\t<div class=\"elementor-element elementor-element-139d08b elementor-widget elementor-widget-heading\" data-id=\"139d08b\" data-element_type=\"widget\" data-widget_type=\"heading.default\">\n\t\t\t\t<div class=\"elementor-widget-container\">\n\t\t\t<h2 class=\"elementor-heading-title elementor-size-default\">Pr\u00e9sence vinaigrette<\/h2>\t\t<\/div>\n\t\t\t\t<\/div>\n\t\t\t\t<div class=\"elementor-element elementor-element-166bbfb elementor-widget elementor-widget-spacer\" data-id=\"166bbfb\" data-element_type=\"widget\" data-widget_type=\"spacer.default\">\n\t\t\t\t<div class=\"elementor-widget-container\">\n\t\t\t\t\t<div class=\"elementor-spacer\">\n\t\t\t<div class=\"elementor-spacer-inner\"><\/div>\n\t\t<\/div>\n\t\t\t\t<\/div>\n\t\t\t\t<\/div>\n\t\t\t\t<div class=\"elementor-element elementor-element-d52a5ee elementor-widget elementor-widget-image-gallery\" data-id=\"d52a5ee\" data-element_type=\"widget\" data-widget_type=\"image-gallery.default\">\n\t\t\t\t<div class=\"elementor-widget-container\">\n\t\t\t\t\t<div class=\"elementor-image-gallery\">\n\t\t\t<div id='gallery-1' class='gallery galleryid-634 gallery-columns-3 gallery-size-medium'><figure class='gallery-item'>\n\t\t\t<div class='gallery-icon portrait'>\n\t\t\t\t<a data-elementor-open-lightbox=\"yes\" data-elementor-lightbox-slideshow=\"d52a5ee\" data-elementor-lightbox-title=\"pr\u00e9sence v 1 A (1)\" data-e-action-hash=\"#elementor-action%3Aaction%3Dlightbox%26settings%3DeyJpZCI6NjIzLCJ1cmwiOiJodHRwOlwvXC9sZXJldGlmLmNvbVwvZWxpc2FiZXRoXC93cC1jb250ZW50XC91cGxvYWRzXC8yMDIxXC8wMlwvcHJlc2VuY2Utdi0xLUEtMS5qcGciLCJzbGlkZXNob3ciOiJkNTJhNWVlIn0%3D\" href='http:\/\/leretif.com\/elisabeth\/wp-content\/uploads\/2021\/02\/presence-v-1-A-1.jpg'><img fetchpriority=\"high\" decoding=\"async\" width=\"210\" height=\"300\" src=\"http:\/\/leretif.com\/elisabeth\/wp-content\/uploads\/2021\/02\/presence-v-1-A-1-210x300.jpg\" class=\"attachment-medium size-medium\" alt=\"\" srcset=\"http:\/\/leretif.com\/elisabeth\/wp-content\/uploads\/2021\/02\/presence-v-1-A-1-210x300.jpg 210w, http:\/\/leretif.com\/elisabeth\/wp-content\/uploads\/2021\/02\/presence-v-1-A-1.jpg 600w\" sizes=\"(max-width: 210px) 100vw, 210px\" \/><\/a>\n\t\t\t<\/div><\/figure><figure class='gallery-item'>\n\t\t\t<div class='gallery-icon portrait'>\n\t\t\t\t<a data-elementor-open-lightbox=\"yes\" data-elementor-lightbox-slideshow=\"d52a5ee\" data-elementor-lightbox-title=\"pr\u00e9sence v 1 A (2)\" data-e-action-hash=\"#elementor-action%3Aaction%3Dlightbox%26settings%3DeyJpZCI6NjIyLCJ1cmwiOiJodHRwOlwvXC9sZXJldGlmLmNvbVwvZWxpc2FiZXRoXC93cC1jb250ZW50XC91cGxvYWRzXC8yMDIxXC8wMlwvcHJlc2VuY2Utdi0xLUEtMi5qcGciLCJzbGlkZXNob3ciOiJkNTJhNWVlIn0%3D\" href='http:\/\/leretif.com\/elisabeth\/wp-content\/uploads\/2021\/02\/presence-v-1-A-2.jpg'><img decoding=\"async\" width=\"275\" height=\"300\" src=\"http:\/\/leretif.com\/elisabeth\/wp-content\/uploads\/2021\/02\/presence-v-1-A-2-275x300.jpg\" class=\"attachment-medium size-medium\" alt=\"\" srcset=\"http:\/\/leretif.com\/elisabeth\/wp-content\/uploads\/2021\/02\/presence-v-1-A-2-275x300.jpg 275w, http:\/\/leretif.com\/elisabeth\/wp-content\/uploads\/2021\/02\/presence-v-1-A-2.jpg 600w\" sizes=\"(max-width: 275px) 100vw, 275px\" \/><\/a>\n\t\t\t<\/div><\/figure><figure class='gallery-item'>\n\t\t\t<div class='gallery-icon portrait'>\n\t\t\t\t<a data-elementor-open-lightbox=\"yes\" data-elementor-lightbox-slideshow=\"d52a5ee\" data-elementor-lightbox-title=\"pr\u00e9sence v 1 A (3)\" data-e-action-hash=\"#elementor-action%3Aaction%3Dlightbox%26settings%3DeyJpZCI6NjIxLCJ1cmwiOiJodHRwOlwvXC9sZXJldGlmLmNvbVwvZWxpc2FiZXRoXC93cC1jb250ZW50XC91cGxvYWRzXC8yMDIxXC8wMlwvcHJlc2VuY2Utdi0xLUEtMy5qcGciLCJzbGlkZXNob3ciOiJkNTJhNWVlIn0%3D\" href='http:\/\/leretif.com\/elisabeth\/wp-content\/uploads\/2021\/02\/presence-v-1-A-3.jpg'><img decoding=\"async\" width=\"272\" height=\"300\" src=\"http:\/\/leretif.com\/elisabeth\/wp-content\/uploads\/2021\/02\/presence-v-1-A-3-272x300.jpg\" class=\"attachment-medium size-medium\" alt=\"\" srcset=\"http:\/\/leretif.com\/elisabeth\/wp-content\/uploads\/2021\/02\/presence-v-1-A-3-272x300.jpg 272w, http:\/\/leretif.com\/elisabeth\/wp-content\/uploads\/2021\/02\/presence-v-1-A-3.jpg 600w\" sizes=\"(max-width: 272px) 100vw, 272px\" \/><\/a>\n\t\t\t<\/div><\/figure>\n\t\t<\/div>\n\t\t<\/div>\n\t\t\t\t<\/div>\n\t\t\t\t<\/div>\n\t\t\t\t<div class=\"elementor-element elementor-element-1321f46 elementor-widget elementor-widget-spacer\" data-id=\"1321f46\" data-element_type=\"widget\" data-widget_type=\"spacer.default\">\n\t\t\t\t<div class=\"elementor-widget-container\">\n\t\t\t\t\t<div class=\"elementor-spacer\">\n\t\t\t<div class=\"elementor-spacer-inner\"><\/div>\n\t\t<\/div>\n\t\t\t\t<\/div>\n\t\t\t\t<\/div>\n\t\t\t\t<div class=\"elementor-element elementor-element-c1749f4 elementor-widget elementor-widget-heading\" data-id=\"c1749f4\" data-element_type=\"widget\" data-widget_type=\"heading.default\">\n\t\t\t\t<div class=\"elementor-widget-container\">\n\t\t\t<h2 class=\"elementor-heading-title elementor-size-default\">La toute belle<\/h2>\t\t<\/div>\n\t\t\t\t<\/div>\n\t\t\t\t<div class=\"elementor-element elementor-element-44642dc elementor-widget elementor-widget-text-editor\" data-id=\"44642dc\" data-element_type=\"widget\" data-widget_type=\"text-editor.default\">\n\t\t\t\t<div class=\"elementor-widget-container\">\n\t\t\t\t\t\t\t<p>Les diff\u00e9rentes \u00e9tapes du d\u00e9fournement<\/p>\t\t\t\t\t\t<\/div>\n\t\t\t\t<\/div>\n\t\t\t\t<div class=\"elementor-element elementor-element-7981cbf elementor-arrows-position-inside elementor-pagination-position-outside elementor-widget elementor-widget-image-carousel\" data-id=\"7981cbf\" data-element_type=\"widget\" data-settings=\"{&quot;slides_to_show&quot;:&quot;5&quot;,&quot;slides_to_scroll&quot;:&quot;1&quot;,&quot;navigation&quot;:&quot;both&quot;,&quot;autoplay&quot;:&quot;yes&quot;,&quot;pause_on_hover&quot;:&quot;yes&quot;,&quot;pause_on_interaction&quot;:&quot;yes&quot;,&quot;autoplay_speed&quot;:5000,&quot;infinite&quot;:&quot;yes&quot;,&quot;speed&quot;:500}\" data-widget_type=\"image-carousel.default\">\n\t\t\t\t<div class=\"elementor-widget-container\">\n\t\t\t\t\t<div class=\"elementor-image-carousel-wrapper swiper-container\" dir=\"ltr\">\n\t\t\t<div class=\"elementor-image-carousel swiper-wrapper\" aria-live=\"off\">\n\t\t\t\t\t\t\t\t<div class=\"swiper-slide\" role=\"group\" aria-roledescription=\"slide\" aria-label=\"1 sur 7\"><figure class=\"swiper-slide-inner\"><img decoding=\"async\" class=\"swiper-slide-image\" src=\"http:\/\/leretif.com\/elisabeth\/wp-content\/uploads\/2021\/03\/Q-la-belle-au-bucher-2-266x576-1-139x300.jpg\" alt=\"Q-la-belle-au-b\u00fbcher-2-266x576\" \/><\/figure><\/div><div class=\"swiper-slide\" role=\"group\" aria-roledescription=\"slide\" aria-label=\"2 sur 7\"><figure class=\"swiper-slide-inner\"><img decoding=\"async\" class=\"swiper-slide-image\" src=\"http:\/\/leretif.com\/elisabeth\/wp-content\/uploads\/2021\/03\/Q-la-belle-au-bucher-4refaite-389x576-2-137x300.jpg\" alt=\"Q-la-belle-au-b\u00fbcher-4refaite-389x576\" \/><\/figure><\/div><div class=\"swiper-slide\" role=\"group\" aria-roledescription=\"slide\" aria-label=\"3 sur 7\"><figure class=\"swiper-slide-inner\"><img decoding=\"async\" class=\"swiper-slide-image\" src=\"http:\/\/leretif.com\/elisabeth\/wp-content\/uploads\/2021\/03\/Q-la-belle-au-bucher-5-160x300.jpg\" alt=\"Q-la-belle-au-b\u00fbcher-5\" \/><\/figure><\/div><div class=\"swiper-slide\" role=\"group\" aria-roledescription=\"slide\" aria-label=\"4 sur 7\"><figure class=\"swiper-slide-inner\"><img decoding=\"async\" class=\"swiper-slide-image\" src=\"http:\/\/leretif.com\/elisabeth\/wp-content\/uploads\/2021\/03\/Q-la-belle-au-bucher-61-133x300.jpg\" alt=\"Q-la-belle-au-b\u00fbcher-61\" \/><\/figure><\/div><div class=\"swiper-slide\" role=\"group\" aria-roledescription=\"slide\" aria-label=\"5 sur 7\"><figure class=\"swiper-slide-inner\"><img decoding=\"async\" class=\"swiper-slide-image\" src=\"http:\/\/leretif.com\/elisabeth\/wp-content\/uploads\/2021\/03\/Q-la-belle-au-bucher-71-142x300.jpg\" alt=\"Q-la-belle-au-b\u00fbcher-71\" \/><\/figure><\/div><div class=\"swiper-slide\" role=\"group\" aria-roledescription=\"slide\" aria-label=\"6 sur 7\"><figure class=\"swiper-slide-inner\"><img decoding=\"async\" class=\"swiper-slide-image\" src=\"http:\/\/leretif.com\/elisabeth\/wp-content\/uploads\/2021\/03\/Q-la-belle-au-bucher-8-148x300.jpg\" alt=\"Q-la-belle-au-b\u00fbcher-8\" \/><\/figure><\/div><div class=\"swiper-slide\" role=\"group\" aria-roledescription=\"slide\" aria-label=\"7 sur 7\"><figure class=\"swiper-slide-inner\"><img decoding=\"async\" class=\"swiper-slide-image\" src=\"http:\/\/leretif.com\/elisabeth\/wp-content\/uploads\/2021\/03\/Q-la-belle-au-bucher-9-187x300.jpg\" alt=\"Q-la-belle-au-b\u00fbcher-9\" \/><\/figure><\/div>\t\t\t<\/div>\n\t\t\t\t\t\t\t\t\t\t\t\t<div class=\"elementor-swiper-button elementor-swiper-button-prev\" role=\"button\" tabindex=\"0\">\n\t\t\t\t\t\t<i aria-hidden=\"true\" class=\"eicon-chevron-left\"><\/i>\t\t\t\t\t<\/div>\n\t\t\t\t\t<div class=\"elementor-swiper-button elementor-swiper-button-next\" role=\"button\" tabindex=\"0\">\n\t\t\t\t\t\t<i aria-hidden=\"true\" class=\"eicon-chevron-right\"><\/i>\t\t\t\t\t<\/div>\n\t\t\t\t\n\t\t\t\t\t\t\t\t\t<div class=\"swiper-pagination\"><\/div>\n\t\t\t\t\t\t\t\t\t<\/div>\n\t\t\t\t<\/div>\n\t\t\t\t<\/div>\n\t\t\t\t<div class=\"elementor-element elementor-element-4e7e0064 elementor-widget elementor-widget-text-editor\" data-id=\"4e7e0064\" data-element_type=\"widget\" data-widget_type=\"text-editor.default\">\n\t\t\t\t<div class=\"elementor-widget-container\">\n\t\t\t\t\t\t\t<!-- wp:themeisle-blocks\/advanced-columns {\"id\":\"wp-block-themeisle-blocks-advanced-columns-d9b4e166\"} -->\n<div class=\"wp-block-themeisle-blocks-advanced-columns has-undefined-columns has-desktop-undefined-layout has-tablet-equal-layout has-mobile-equal-layout has-default-gap has-vertical-unset\" id=\"wp-block-themeisle-blocks-advanced-columns-d9b4e166\"><div class=\"wp-block-themeisle-blocks-advanced-columns-overlay\"><\/div><div class=\"innerblocks-wrap\"><\/div><\/div>\n<!-- \/wp:themeisle-blocks\/advanced-columns -->\t\t\t\t\t\t<\/div>\n\t\t\t\t<\/div>\n\t\t\t\t\t<\/div>\n\t\t<\/div>\n\t\t\t\t\t\t\t<\/div>\n\t\t<\/section>\n\t\t\t\t\t\t\t<\/div>\n\t\t","protected":false},"excerpt":{"rendered":"<p>Pr\u00e9sence vinaigrette La toute belle Les diff\u00e9rentes \u00e9tapes du d\u00e9fournement Pr\u00e9c\u00e9dent Suivant<\/p>\n","protected":false},"author":2,"featured_media":642,"parent":129,"menu_order":0,"comment_status":"closed","ping_status":"closed","template":"","meta":{"ocean_post_layout":"","ocean_both_sidebars_style":"","ocean_both_sidebars_content_width":0,"ocean_both_sidebars_sidebars_width":0,"ocean_sidebar":"0","ocean_second_sidebar":"0","ocean_disable_margins":"enable","ocean_add_body_class":"","ocean_shortcode_before_top_bar":"","ocean_shortcode_after_top_bar":"","ocean_shortcode_before_header":"","ocean_shortcode_after_header":"","ocean_has_shortcode":"","ocean_shortcode_after_title":"","ocean_shortcode_before_footer_widgets":"","ocean_shortcode_after_footer_widgets":"","ocean_shortcode_before_footer_bottom":"","ocean_shortcode_after_footer_bottom":"","ocean_display_top_bar":"default","ocean_display_header":"default","ocean_header_style":"","ocean_center_header_left_menu":"0","ocean_custom_header_template":"0","ocean_custom_logo":0,"ocean_custom_retina_logo":0,"ocean_custom_logo_max_width":0,"ocean_custom_logo_tablet_max_width":0,"ocean_custom_logo_mobile_max_width":0,"ocean_custom_logo_max_height":0,"ocean_custom_logo_tablet_max_height":0,"ocean_custom_logo_mobile_max_height":0,"ocean_header_custom_menu":"0","ocean_menu_typo_font_family":"0","ocean_menu_typo_font_subset":"","ocean_menu_typo_font_size":0,"ocean_menu_typo_font_size_tablet":0,"ocean_menu_typo_font_size_mobile":0,"ocean_menu_typo_font_size_unit":"px","ocean_menu_typo_font_weight":"","ocean_menu_typo_font_weight_tablet":"","ocean_menu_typo_font_weight_mobile":"","ocean_menu_typo_transform":"","ocean_menu_typo_transform_tablet":"","ocean_menu_typo_transform_mobile":"","ocean_menu_typo_line_height":0,"ocean_menu_typo_line_height_tablet":0,"ocean_menu_typo_line_height_mobile":0,"ocean_menu_typo_line_height_unit":"","ocean_menu_typo_spacing":0,"ocean_menu_typo_spacing_tablet":0,"ocean_menu_typo_spacing_mobile":0,"ocean_menu_typo_spacing_unit":"","ocean_menu_link_color":"","ocean_menu_link_color_hover":"","ocean_menu_link_color_active":"","ocean_menu_link_background":"","ocean_menu_link_hover_background":"","ocean_menu_link_active_background":"","ocean_menu_social_links_bg":"","ocean_menu_social_hover_links_bg":"","ocean_menu_social_links_color":"","ocean_menu_social_hover_links_color":"","ocean_disable_title":"default","ocean_disable_heading":"default","ocean_post_title":"","ocean_post_subheading":"","ocean_post_title_style":"","ocean_post_title_background_color":"","ocean_post_title_background":0,"ocean_post_title_bg_image_position":"","ocean_post_title_bg_image_attachment":"","ocean_post_title_bg_image_repeat":"","ocean_post_title_bg_image_size":"","ocean_post_title_height":0,"ocean_post_title_bg_overlay":0.5,"ocean_post_title_bg_overlay_color":"","ocean_disable_breadcrumbs":"default","ocean_breadcrumbs_color":"","ocean_breadcrumbs_separator_color":"","ocean_breadcrumbs_links_color":"","ocean_breadcrumbs_links_hover_color":"","ocean_display_footer_widgets":"default","ocean_display_footer_bottom":"default","ocean_custom_footer_template":"0","footnotes":""},"class_list":["post-634","page","type-page","status-publish","has-post-thumbnail","hentry","entry","has-media"],"_links":{"self":[{"href":"http:\/\/leretif.com\/elisabeth\/index.php\/wp-json\/wp\/v2\/pages\/634","targetHints":{"allow":["GET"]}}],"collection":[{"href":"http:\/\/leretif.com\/elisabeth\/index.php\/wp-json\/wp\/v2\/pages"}],"about":[{"href":"http:\/\/leretif.com\/elisabeth\/index.php\/wp-json\/wp\/v2\/types\/page"}],"author":[{"embeddable":true,"href":"http:\/\/leretif.com\/elisabeth\/index.php\/wp-json\/wp\/v2\/users\/2"}],"replies":[{"embeddable":true,"href":"http:\/\/leretif.com\/elisabeth\/index.php\/wp-json\/wp\/v2\/comments?post=634"}],"version-history":[{"count":28,"href":"http:\/\/leretif.com\/elisabeth\/index.php\/wp-json\/wp\/v2\/pages\/634\/revisions"}],"predecessor-version":[{"id":718,"href":"http:\/\/leretif.com\/elisabeth\/index.php\/wp-json\/wp\/v2\/pages\/634\/revisions\/718"}],"up":[{"embeddable":true,"href":"http:\/\/leretif.com\/elisabeth\/index.php\/wp-json\/wp\/v2\/pages\/129"}],"wp:featuredmedia":[{"embeddable":true,"href":"http:\/\/leretif.com\/elisabeth\/index.php\/wp-json\/wp\/v2\/media\/642"}],"wp:attachment":[{"href":"http:\/\/leretif.com\/elisabeth\/index.php\/wp-json\/wp\/v2\/media?parent=634"}],"curies":[{"name":"wp","href":"https:\/\/api.w.org\/{rel}","templated":true}]}}